{"id":2218,"date":"2014-03-16T11:11:19","date_gmt":"2014-03-16T10:11:19","guid":{"rendered":"http:\/\/blog.campingfreunde-heilsbronn.de\/?page_id=2218"},"modified":"2026-03-04T10:24:39","modified_gmt":"2026-03-04T09:24:39","slug":"anmeldung","status":"publish","type":"page","link":"https:\/\/www.campingfreunde-heilsbronn.de\/?page_id=2218","title":{"rendered":"Anmeldung Ancampen 2026 &#8211; Campingplatz Ringlesm\u00fchle"},"content":{"rendered":"\n<div class=\"wpcf7 no-js\" id=\"wpcf7-f4869-o1\" lang=\"de-DE\" dir=\"ltr\" data-wpcf7-id=\"4869\">\n<div class=\"screen-reader-response\"><p role=\"status\" aria-live=\"polite\" aria-atomic=\"true\"><\/p> <ul><\/ul><\/div>\n<form action=\"\/index.php?rest_route=%2Fwp%2Fv2%2Fpages%2F2218#wpcf7-f4869-o1\" method=\"post\" class=\"wpcf7-form init\" aria-label=\"Kontaktformular\" novalidate=\"novalidate\" data-status=\"init\">\n<fieldset class=\"hidden-fields-container\"><input type=\"hidden\" name=\"_wpcf7\" value=\"4869\" \/><input type=\"hidden\" name=\"_wpcf7_version\" value=\"6.1.5\" \/><input type=\"hidden\" name=\"_wpcf7_locale\" value=\"de_DE\" \/><input type=\"hidden\" name=\"_wpcf7_unit_tag\" value=\"wpcf7-f4869-o1\" \/><input type=\"hidden\" name=\"_wpcf7_container_post\" value=\"0\" \/><input type=\"hidden\" name=\"_wpcf7_posted_data_hash\" value=\"\" \/>\n<\/fieldset>\n<p><b><u>Stellplatzreservierung:<\/u><\/b>\n<\/p>\n<p>Vom: <span class=\"wpcf7-form-control-wrap\" data-name=\"von\"><input size=\"16\" maxlength=\"400\" class=\"wpcf7-form-control wpcf7-text wpcf7-validates-as-required\" aria-required=\"true\" aria-invalid=\"false\" value=\"\" type=\"text\" name=\"von\" \/><\/span> bis: <span class=\"wpcf7-form-control-wrap\" data-name=\"bis\"><input size=\"20\" maxlength=\"400\" class=\"wpcf7-form-control wpcf7-text wpcf7-validates-as-required\" aria-required=\"true\" aria-invalid=\"false\" value=\"\" type=\"text\" name=\"bis\" \/><\/span><br \/>\nName: <span class=\"wpcf7-form-control-wrap\" data-name=\"nachname\"><input size=\"15\" maxlength=\"400\" class=\"wpcf7-form-control wpcf7-text wpcf7-validates-as-required\" aria-required=\"true\" aria-invalid=\"false\" value=\"\" type=\"text\" name=\"nachname\" \/><\/span> Vorname: <span class=\"wpcf7-form-control-wrap\" data-name=\"vorname\"><input size=\"15\" maxlength=\"400\" class=\"wpcf7-form-control wpcf7-text wpcf7-validates-as-required\" aria-required=\"true\" aria-invalid=\"false\" value=\"\" type=\"text\" name=\"vorname\" \/><\/span><br \/>\nGeb.: <span class=\"wpcf7-form-control-wrap\" data-name=\"geb\"><input size=\"16\" maxlength=\"400\" class=\"wpcf7-form-control wpcf7-text wpcf7-validates-as-required\" aria-required=\"true\" aria-invalid=\"false\" value=\"\" type=\"text\" name=\"geb\" \/><\/span><br \/>\nStrasse: <span class=\"wpcf7-form-control-wrap\" data-name=\"strasse\"><input size=\"30\" maxlength=\"400\" class=\"wpcf7-form-control wpcf7-text wpcf7-validates-as-required\" aria-required=\"true\" aria-invalid=\"false\" value=\"\" type=\"text\" name=\"strasse\" \/><\/span> Nr: <span class=\"wpcf7-form-control-wrap\" data-name=\"h-nr\"><input size=\"3\" maxlength=\"400\" class=\"wpcf7-form-control wpcf7-text wpcf7-validates-as-required\" aria-required=\"true\" aria-invalid=\"false\" value=\"\" type=\"text\" name=\"h-nr\" \/><\/span><br \/>\nPlz: <span class=\"wpcf7-form-control-wrap\" data-name=\"plz\"><input size=\"10\" maxlength=\"400\" class=\"wpcf7-form-control wpcf7-text wpcf7-validates-as-required\" aria-required=\"true\" aria-invalid=\"false\" value=\"\" type=\"text\" name=\"plz\" \/><\/span> Ort: <span class=\"wpcf7-form-control-wrap\" data-name=\"ort\"><input size=\"26\" maxlength=\"400\" class=\"wpcf7-form-control wpcf7-text wpcf7-validates-as-required\" aria-required=\"true\" aria-invalid=\"false\" value=\"\" type=\"text\" name=\"ort\" \/><\/span><br \/>\nTelefon-Nr.: <span class=\"wpcf7-form-control-wrap\" data-name=\"tel\"><input size=\"36\" maxlength=\"400\" class=\"wpcf7-form-control wpcf7-text wpcf7-validates-as-required\" aria-required=\"true\" aria-invalid=\"false\" value=\"\" type=\"text\" name=\"tel\" \/><\/span><br \/>\nE-Mail: <span class=\"wpcf7-form-control-wrap\" data-name=\"email\"><input size=\"40\" maxlength=\"400\" class=\"wpcf7-form-control wpcf7-email wpcf7-validates-as-required wpcf7-text wpcf7-validates-as-email\" aria-required=\"true\" aria-invalid=\"false\" value=\"\" type=\"email\" name=\"email\" \/><\/span>\n<\/p>\n<p><b><u>Folgende Personen fahren bei mir mit:<\/u><\/b>\n<\/p>\n<p>Name: <span class=\"wpcf7-form-control-wrap\" data-name=\"nachname1\"><input size=\"15\" maxlength=\"400\" class=\"wpcf7-form-control wpcf7-text\" aria-invalid=\"false\" value=\"\" type=\"text\" name=\"nachname1\" \/><\/span> Vorname: <span class=\"wpcf7-form-control-wrap\" data-name=\"vorname1\"><input size=\"15\" maxlength=\"400\" class=\"wpcf7-form-control wpcf7-text\" aria-invalid=\"false\" value=\"\" type=\"text\" name=\"vorname1\" \/><\/span> Geb: <span class=\"wpcf7-form-control-wrap\" data-name=\"geb1\"><input size=\"6\" maxlength=\"400\" class=\"wpcf7-form-control wpcf7-text\" aria-invalid=\"false\" value=\"\" type=\"text\" name=\"geb1\" \/><\/span><br \/>\n<u>Kinder:<\/u>\n<\/p>\n<p>Name: <span class=\"wpcf7-form-control-wrap\" data-name=\"nachname2\"><input size=\"15\" maxlength=\"400\" class=\"wpcf7-form-control wpcf7-text\" aria-invalid=\"false\" value=\"\" type=\"text\" name=\"nachname2\" \/><\/span> Vorname: <span class=\"wpcf7-form-control-wrap\" data-name=\"vorname2\"><input size=\"15\" maxlength=\"400\" class=\"wpcf7-form-control wpcf7-text\" aria-invalid=\"false\" value=\"\" type=\"text\" name=\"vorname2\" \/><\/span> Geb.: <span class=\"wpcf7-form-control-wrap\" data-name=\"geb2\"><input size=\"6\" maxlength=\"400\" class=\"wpcf7-form-control wpcf7-text\" aria-invalid=\"false\" value=\"\" type=\"text\" name=\"geb2\" \/><\/span><br \/>\nName: <span class=\"wpcf7-form-control-wrap\" data-name=\"nachname3\"><input size=\"15\" maxlength=\"400\" class=\"wpcf7-form-control wpcf7-text\" aria-invalid=\"false\" value=\"\" type=\"text\" name=\"nachname3\" \/><\/span> Vorname: <span class=\"wpcf7-form-control-wrap\" data-name=\"vorname3\"><input size=\"15\" maxlength=\"400\" class=\"wpcf7-form-control wpcf7-text\" aria-invalid=\"false\" value=\"\" type=\"text\" name=\"vorname3\" \/><\/span> Geb.: <span class=\"wpcf7-form-control-wrap\" data-name=\"geb3\"><input size=\"6\" maxlength=\"400\" class=\"wpcf7-form-control wpcf7-text\" aria-invalid=\"false\" value=\"\" type=\"text\" name=\"geb3\" \/><\/span><br \/>\nName: <span class=\"wpcf7-form-control-wrap\" data-name=\"nachname4\"><input size=\"15\" maxlength=\"400\" class=\"wpcf7-form-control wpcf7-text\" aria-invalid=\"false\" value=\"\" type=\"text\" name=\"nachname4\" \/><\/span> Vorname: <span class=\"wpcf7-form-control-wrap\" data-name=\"vorname4\"><input size=\"15\" maxlength=\"400\" class=\"wpcf7-form-control wpcf7-text\" aria-invalid=\"false\" value=\"\" type=\"text\" name=\"vorname4\" \/><\/span> Geb.: <span class=\"wpcf7-form-control-wrap\" data-name=\"geb4\"><input size=\"6\" maxlength=\"400\" class=\"wpcf7-form-control wpcf7-text\" aria-invalid=\"false\" value=\"\" type=\"text\" name=\"geb4\" \/><\/span><br \/>\nName: <span class=\"wpcf7-form-control-wrap\" data-name=\"nachname5\"><input size=\"15\" maxlength=\"400\" class=\"wpcf7-form-control wpcf7-text\" aria-invalid=\"false\" value=\"\" type=\"text\" name=\"nachname5\" \/><\/span> Vorname: <span class=\"wpcf7-form-control-wrap\" data-name=\"vorname5\"><input size=\"15\" maxlength=\"400\" class=\"wpcf7-form-control wpcf7-text\" aria-invalid=\"false\" value=\"\" type=\"text\" name=\"vorname5\" \/><\/span> Geb.: <span class=\"wpcf7-form-control-wrap\" data-name=\"geb5\"><input size=\"6\" maxlength=\"400\" class=\"wpcf7-form-control wpcf7-text\" aria-invalid=\"false\" value=\"\" type=\"text\" name=\"geb5\" \/><\/span><br \/>\nName: <span class=\"wpcf7-form-control-wrap\" data-name=\"nachname6\"><input size=\"15\" maxlength=\"400\" class=\"wpcf7-form-control wpcf7-text\" aria-invalid=\"false\" value=\"\" type=\"text\" name=\"nachname6\" \/><\/span> Vorname: <span class=\"wpcf7-form-control-wrap\" data-name=\"vorname6\"><input size=\"15\" maxlength=\"400\" class=\"wpcf7-form-control wpcf7-text\" aria-invalid=\"false\" value=\"\" type=\"text\" name=\"vorname6\" \/><\/span> Geb.: <span class=\"wpcf7-form-control-wrap\" data-name=\"geb6\"><input size=\"6\" maxlength=\"400\" class=\"wpcf7-form-control wpcf7-text\" aria-invalid=\"false\" value=\"\" type=\"text\" name=\"geb6\" \/><\/span>\n<\/p>\n<p><b><u>Folgende Anmeldungen m\u00f6chte ich vornehmen:<\/u><\/b>\n<\/p>\n<p>Ich bringe folgende Getr\u00e4nkespende mit: &nbsp<span class=\"wpcf7-form-control-wrap\" data-name=\"trinken\"><input size=\"24\" maxlength=\"400\" class=\"wpcf7-form-control wpcf7-text\" aria-invalid=\"false\" value=\"\" type=\"text\" name=\"trinken\" \/><\/span>\n<\/p>\n<p><b><u>Forellen am Karfreitag:<\/u><\/b>\n<\/p>\n<p>Einzelne ger\u00e4ucherte Forelle &nbsp; <span class=\"wpcf7-form-control-wrap\" data-name=\"forelle\"><select class=\"wpcf7-form-control wpcf7-select\" aria-invalid=\"false\" name=\"forelle\"><option value=\"\">&#8211; Bitte ausw\u00e4hlen &#8211;<\/option><option value=\"keine\">keine<\/option><option value=\"1 St.\">1 St.<\/option><option value=\"2 St.\">2 St.<\/option><option value=\"3 St.\">3 St.<\/option><option value=\"4 St.\">4 St.<\/option><option value=\"5 St.\">5 St.<\/option><option value=\"6 St.\">6 St.<\/option><option value=\"7 St.\">7 St.<\/option><option value=\"8 St.\">8 St.<\/option><\/select><\/span><br \/>\nGer\u00e4ucherte Forelle mit Kartoffelsalat und Meerrettich &nbsp; <span class=\"wpcf7-form-control-wrap\" data-name=\"forelle_salat\"><select class=\"wpcf7-form-control wpcf7-select\" aria-invalid=\"false\" name=\"forelle_salat\"><option value=\"\">&#8211; Bitte ausw\u00e4hlen &#8211;<\/option><option value=\"keine\">keine<\/option><option value=\"1 St.\">1 St.<\/option><option value=\"2 St.\">2 St.<\/option><option value=\"3 St.\">3 St.<\/option><option value=\"4 St.\">4 St.<\/option><option value=\"5 St.\">5 St.<\/option><option value=\"6 St.\">6 St.<\/option><option value=\"7 St.\">7 St.<\/option><option value=\"8 St.\">8 St.<\/option><\/select><\/span>\n<\/p>\n<p><b><u>Spanferkel am Ostersonntag:<\/u><\/b>\n<\/p>\n<p>(findet nur ab einer Anzahl von 40 Portionen statt)\n<\/p>\n<p>Spanferkel mit Salat (15\u20ac p. P.) &nbsp; <span class=\"wpcf7-form-control-wrap\" data-name=\"ferkel\"><select class=\"wpcf7-form-control wpcf7-select\" aria-invalid=\"false\" name=\"ferkel\"><option value=\"\">&#8211; Bitte ausw\u00e4hlen &#8211;<\/option><option value=\"keine\">keine<\/option><option value=\"1 Port.\">1 Port.<\/option><option value=\"2 Port.\">2 Port.<\/option><option value=\"3 Port.\">3 Port.<\/option><option value=\"4 Port.\">4 Port.<\/option><option value=\"5 Port.\">5 Port.<\/option><option value=\"6 Port.\">6 Port.<\/option><option value=\"7 Port.\">7 Port.<\/option><option value=\"8 Port.\">8 Port.<\/option><\/select><\/span>\n<\/p>\n<p>Nachricht:<br \/>\n<span class=\"wpcf7-form-control-wrap\" data-name=\"your-message\"><textarea cols=\"40\" rows=\"10\" maxlength=\"2000\" class=\"wpcf7-form-control wpcf7-textarea\" aria-invalid=\"false\" name=\"your-message\"><\/textarea><\/span>\n<\/p>\n<p><u>Einwilligungserkl\u00e4rung gem\u00e4\u00df Bundesdatenschutzgesetz:<\/u><br \/>\nMit der Anmeldung zu dieser Ausfahrt willigt der Anmelder und alle Angemeldeten<br \/>\nein, dass ihre oben eingegebenen pers\u00f6nlichen Daten gespeichert und an den<br \/>\nPlatzbetreiber weitergeleitet werden.\n<\/p>\n<p><span class=\"wpcf7-form-control-wrap\" data-name=\"datenschutz\"><span class=\"wpcf7-form-control wpcf7-acceptance\"><span class=\"wpcf7-list-item\"><label><input type=\"checkbox\" name=\"datenschutz\" value=\"1\" aria-invalid=\"false\" \/><span class=\"wpcf7-list-item-label\">Gelesen und einverstanden.<\/span><\/label><\/span><\/span><\/span>\n<\/p>\n<p><input class=\"wpcf7-form-control wpcf7-submit has-spinner\" type=\"submit\" value=\"Senden\" \/>\n<\/p><div class=\"wpcf7-response-output\" aria-hidden=\"true\"><\/div>\n<\/form>\n<\/div>\n\n","protected":false},"excerpt":{"rendered":"","protected":false},"author":1,"featured_media":0,"parent":0,"menu_order":0,"comment_status":"closed","ping_status":"closed","template":"","meta":{"footnotes":""},"class_list":["post-2218","page","type-page","status-publish","hentry"],"_links":{"self":[{"href":"https:\/\/www.campingfreunde-heilsbronn.de\/index.php?rest_route=\/wp\/v2\/pages\/2218","targetHints":{"allow":["GET"]}}],"collection":[{"href":"https:\/\/www.campingfreunde-heilsbronn.de\/index.php?rest_route=\/wp\/v2\/pages"}],"about":[{"href":"https:\/\/www.campingfreunde-heilsbronn.de\/index.php?rest_route=\/wp\/v2\/types\/page"}],"author":[{"embeddable":true,"href":"https:\/\/www.campingfreunde-heilsbronn.de\/index.php?rest_route=\/wp\/v2\/users\/1"}],"replies":[{"embeddable":true,"href":"https:\/\/www.campingfreunde-heilsbronn.de\/index.php?rest_route=%2Fwp%2Fv2%2Fcomments&post=2218"}],"version-history":[{"count":33,"href":"https:\/\/www.campingfreunde-heilsbronn.de\/index.php?rest_route=\/wp\/v2\/pages\/2218\/revisions"}],"predecessor-version":[{"id":4975,"href":"https:\/\/www.campingfreunde-heilsbronn.de\/index.php?rest_route=\/wp\/v2\/pages\/2218\/revisions\/4975"}],"wp:attachment":[{"href":"https:\/\/www.campingfreunde-heilsbronn.de\/index.php?rest_route=%2Fwp%2Fv2%2Fmedia&parent=2218"}],"curies":[{"name":"wp","href":"https:\/\/api.w.org\/{rel}","templated":true}]}}